{"id":19,"date":"2017-07-06T12:31:00","date_gmt":"2017-07-06T10:31:00","guid":{"rendered":"http:\/\/www.manulinga.de\/?page_id=19"},"modified":"2017-07-06T15:45:45","modified_gmt":"2017-07-06T13:45:45","slug":"ambulante-hilfen","status":"publish","type":"page","link":"https:\/\/www.manulinga.de\/?page_id=19","title":{"rendered":"Ambulante Hilfen"},"content":{"rendered":"<p>Ziel der ambulanten Hilfe ist es, Menschen mit einer angeborenen oder erworbenen H\u00f6rsch\u00e4digung das allt\u00e4gliche Leben zu erleichtern bzw. zu erm\u00f6glichen.<br \/>\nDie Hilfestellungen sollen in erster Linie die Hilfe zur Selbsthilfe f\u00f6rdern. Die Hilfen enthalten die erforderlichen Unterst\u00fctzungen, um m\u00f6glichst selbstbestimmt am gesellschaftlichen Leben teilhaben zu k\u00f6nnen.<\/p>\n<h2>ambulante Erziehungshilfe<\/h2>\n<p>Die ambulante Erziehungshilfe unterst\u00fctzt Familien, in denen die Eltern eine H\u00f6rsch\u00e4digung haben. Sie ist eine Leistung nach dem Kinder- und Jugendhilfegesetz (SGB VIII).<\/p>\n<p>Durch Beratung und Begleitung sollen die Eltern in ihren Erziehungsaufgaben, bei der L\u00f6sung von Konflikten und Krisen, im Kontakt mit \u00c4mtern und Institutionen und bei der Bew\u00e4ltigung von Alltagsproblemen unterst\u00fctzt und gest\u00e4rkt werden.<\/p>\n<p>Ziele unserer Erziehungshilfen ist es das Familienleben harmonischer zu gestalten, die Interessen der Kinder und Eltern in Einklang zu bringen und Konflikte ad\u00e4quat zu l\u00f6sen.<br \/>\nDas Familiensystem soll stabilisiert werden, um den Kindern altersentsprechende Entwicklungsm\u00f6glichkeiten zu bieten. So kann eine dauerhafte Fremdunterbringung der Kinder vermieden werden.<\/p>\n<p>Familien mit h\u00f6rgesch\u00e4digten Eltern und ihren Kindern sto\u00dfen neben den oben beschriebenen Inhalten oftmals auf Probleme, die durch Unterst\u00fctzung geb\u00e4rdensprachkompetenter Sozialp\u00e4dagogInnen\/SozialarbeiterInnen abgebaut und vermieden werden. Inhalte und Hilfestellungen f\u00fcr die Eltern sind h\u00e4ufig die Entlastung der h\u00f6renden Kinder von \u00dcbersetzungst\u00e4tigkeiten f\u00fcr die Eltern, Informationen \u00fcber die Entwicklungsphasen von Kindern, Entwicklung von kommunikativen Strategien f\u00fcr den Alltag, Sicherstellung der Kommunikation zwischen Eltern und Kinderg\u00e4rten\/Schulen und die Koordination von Gespr\u00e4chsterminen in Begleitung von Geb\u00e4rdensprachdolmetschern.<\/p>\n<p>Die ambulante Erziehungshilfe ist eine Hilfe zur Selbsthilfe und erfordert deshalb die Mitarbeit der Familien.<\/p>\n<p>Die Erziehungshilfe ist nach der Bewilligung des zust\u00e4ndigen Jugendamtes f\u00fcr die Familie kostenlos.<\/p>\n<p><iframe loading=\"lazy\" width=\"750\" height=\"563\" src=\"https:\/\/www.youtube.com\/embed\/Rlz2fY1Yh2k?feature=oembed\" frameborder=\"0\" allowfullscreen><\/iframe><\/p>\n<h2>Mobilit\u00e4tstraining<\/h2>\n<p>In unserem Mobilit\u00e4tstraining m\u00fcssen die einzelnen Personen ihre eigenen kommunikativen Bed\u00fcrfnisse und Ressourcen lernen herauszufinden. Einige haben ein Resth\u00f6rverm\u00f6gen, andere sind sp\u00e4tertaubt oder mit einem Cochlear Implantat versorgt. Die Art und Weise, wie kommuniziert werden muss, ist sehr individuell und muss deshalb von den Betroffenen selbst mitgeteilt werden. Der erste Schritt ist, die H\u00f6rsch\u00e4digung zu akzeptieren und zu lernen mit ihr umzugehen.<\/p>\n<p>Neben diesen Inhalten werden Informationen zu den nonverbalen Signalen wie K\u00f6rpersprache, Mimik und Gestik gegeben. Welche M\u00f6glichkeiten habe ich aktiv auf eine kommunikative Situation einzugreifen usw.<br \/>\nDie Kurse sollen motivieren, sich nicht zu isolieren, sich nicht als Belastung f\u00fcr andere zu f\u00fchlen.<\/p>\n<h2>P\u00e4dagogische Betreuung in eigenem Wohnraum<\/h2>\n<p>Die \u201eP\u00e4dagogische Betreuung im eigenen Wohnraum (PBW)\u201c ist eine p\u00e4dagogisch orientierte ambulante Leistung. Sie hilft vollj\u00e4hrigen Menschen mit einer H\u00f6rsch\u00e4digung, Zuhause selbstst\u00e4ndig und m\u00f6glichst unabh\u00e4ngig von \u00f6ffentlicher Hilfe zu leben.<\/p>\n<p>Ziele sind die Entwicklung von Selbstst\u00e4ndigkeit, praktisches Alltagstraining, Umgang mit Geld, Briefen und Schriftverkehr, Mobilit\u00e4t und Orientierung am Wohnort, F\u00f6rderung und Gestaltung des sozialen und Arbeitsumfeldes, Hilfe bei der Gestaltung des Wohnumfeldes und bei der Freizeit, Aufbau einer Tagesstruktur, soziales Kompetenztraining und Kommunikationstraining.<\/p>\n","protected":false},"excerpt":{"rendered":"<p>Ziel der ambulanten Hilfe ist es, Menschen mit einer angeborenen oder erworbenen H\u00f6rsch\u00e4digung das allt\u00e4gliche Leben zu erleichtern bzw. zu erm\u00f6glichen. Die Hilfestellungen sollen in erster Linie die Hilfe zur Selbsthilfe f\u00f6rdern. Die Hilfen enthalten die erforderlichen Unterst\u00fctzungen, um m\u00f6glichst selbstbestimmt am gesellschaftlichen Leben teilhaben zu k\u00f6nnen. ambulante Erziehungshilfe Die [&hellip;]<\/p>\n","protected":false},"author":1,"featured_media":0,"parent":0,"menu_order":0,"comment_status":"closed","ping_status":"closed","template":"","meta":[],"_links":{"self":[{"href":"https:\/\/www.manulinga.de\/index.php?rest_route=\/wp\/v2\/pages\/19"}],"collection":[{"href":"https:\/\/www.manulinga.de\/index.php?rest_route=\/wp\/v2\/pages"}],"about":[{"href":"https:\/\/www.manulinga.de\/index.php?rest_route=\/wp\/v2\/types\/page"}],"author":[{"embeddable":true,"href":"https:\/\/www.manulinga.de\/index.php?rest_route=\/wp\/v2\/users\/1"}],"replies":[{"embeddable":true,"href":"https:\/\/www.manulinga.de\/index.php?rest_route=%2Fwp%2Fv2%2Fcomments&post=19"}],"version-history":[{"count":3,"href":"https:\/\/www.manulinga.de\/index.php?rest_route=\/wp\/v2\/pages\/19\/revisions"}],"predecessor-version":[{"id":79,"href":"https:\/\/www.manulinga.de\/index.php?rest_route=\/wp\/v2\/pages\/19\/revisions\/79"}],"wp:attachment":[{"href":"https:\/\/www.manulinga.de\/index.php?rest_route=%2Fwp%2Fv2%2Fmedia&parent=19"}],"curies":[{"name":"wp","href":"https:\/\/api.w.org\/{rel}","templated":true}]}}