{"id":16,"date":"2017-07-06T12:31:11","date_gmt":"2017-07-06T10:31:11","guid":{"rendered":"http:\/\/www.manulinga.de\/?page_id=16"},"modified":"2017-07-06T15:46:17","modified_gmt":"2017-07-06T13:46:17","slug":"hilfen-fuer-familien","status":"publish","type":"page","link":"https:\/\/www.manulinga.de\/?page_id=16","title":{"rendered":"Hilfen f\u00fcr Familien"},"content":{"rendered":"<p><iframe loading=\"lazy\" width=\"750\" height=\"563\" src=\"https:\/\/www.youtube.com\/embed\/3F99alhtvwc?feature=oembed\" frameborder=\"0\" allowfullscreen><\/iframe><\/p>\n<p>Eltern mit einer H\u00f6rsch\u00e4digung werden h\u00e4ufig \u00fcber ihre Behinderung als Mensch wahrgenommen, aber nicht als Mutter und Vater. Nicht als Eltern, die die gleichen erzieherischen Schwierigkeiten und Fragen zur Entwicklung ihrer Kinder haben wie h\u00f6rende Eltern. Man sieht sie als Geh\u00f6rlose oder H\u00f6rgesch\u00e4digte. Wir unterst\u00fctzen Eltern und ihre Kinder barrierefrei in der Geb\u00e4rdensprache<\/p>\n<h2>Au\u00dferschulische F\u00f6rderung<\/h2>\n<p>Die au\u00dferschulische F\u00f6rderung ist f\u00fcr Kinder h\u00f6rgesch\u00e4digter Eltern, die bereits die Schule besuchen. Sie wird \u00fcber das zust\u00e4ndige Sozialamt beantragt. Einige Kinder haben in der Schule Schwierigkeiten, Texte oder Aufgaben richtig zu verstehen, weil die Geb\u00e4rdensprache einen anderen Satzbau hat und sie es nicht gewohnt sind in der Grammatik der Laut- und Schriftsprache zu denken. In den meisten F\u00e4llen betrifft es alle F\u00e4cher au\u00dfer Sport, Kunst und Musik.<\/p>\n<p>Eine geb\u00e4rdensprachkompetente Person \u00fcbt sehr gezielt das Verst\u00e4ndnis von Aufgabenstellungen und arbeitet mit der Schule und den Lehrern zusammen.<\/p>\n<p><iframe loading=\"lazy\" width=\"750\" height=\"563\" src=\"https:\/\/www.youtube.com\/embed\/QIJORRGaOmI?feature=oembed\" frameborder=\"0\" allowfullscreen><\/iframe><\/p>\n<h2>Heilp\u00e4dagogische Fr\u00fchf\u00f6rderung<\/h2>\n<p>H\u00f6rgesch\u00e4digte Eltern k\u00f6nnen f\u00fcr ihre h\u00f6renden oder schwerh\u00f6rigen Kinder bei ihrem zust\u00e4ndigen Sozialamt eine ambulante Fr\u00fchf\u00f6rderung beantragen. Das Sozialamt braucht f\u00fcr diesen Antrag eine Zustimmung vom Gesundheitsamt. Es ist sinnvoll diesen Antrag fr\u00fch zu stellen, weil die Bearbeitung oftmals Zeit braucht. Diese F\u00f6rderung ist f\u00fcr die Eltern kostenlos. Die F\u00f6rderung findet zu Hause, im Kindergarten oder in unseren Therapier\u00e4umen statt.<\/p>\n<p>Ziele der F\u00f6rderung sind die F\u00f6rderung der kommunikativen Kompetenzen in Laut- und Geb\u00e4rdensprache, die h\u00f6rgesch\u00e4digten Eltern in die Entwicklung des Kindes einbeziehen (Aufbau des Geb\u00e4rdenwortschatzes), Integration der Familie in das h\u00f6rende soziale Umfeld, Identit\u00e4tsentwicklung der Kinder und das Informieren der Eltern \u00fcber wichtige Entwicklungsphase<\/p>\n","protected":false},"excerpt":{"rendered":"<p>Eltern mit einer H\u00f6rsch\u00e4digung werden h\u00e4ufig \u00fcber ihre Behinderung als Mensch wahrgenommen, aber nicht als Mutter und Vater. Nicht als Eltern, die die gleichen erzieherischen Schwierigkeiten und Fragen zur Entwicklung ihrer Kinder haben wie h\u00f6rende Eltern. Man sieht sie als Geh\u00f6rlose oder H\u00f6rgesch\u00e4digte. Wir unterst\u00fctzen Eltern und ihre Kinder barrierefrei [&hellip;]<\/p>\n","protected":false},"author":1,"featured_media":0,"parent":0,"menu_order":0,"comment_status":"closed","ping_status":"closed","template":"","meta":[],"_links":{"self":[{"href":"https:\/\/www.manulinga.de\/index.php?rest_route=\/wp\/v2\/pages\/16"}],"collection":[{"href":"https:\/\/www.manulinga.de\/index.php?rest_route=\/wp\/v2\/pages"}],"about":[{"href":"https:\/\/www.manulinga.de\/index.php?rest_route=\/wp\/v2\/types\/page"}],"author":[{"embeddable":true,"href":"https:\/\/www.manulinga.de\/index.php?rest_route=\/wp\/v2\/users\/1"}],"replies":[{"embeddable":true,"href":"https:\/\/www.manulinga.de\/index.php?rest_route=%2Fwp%2Fv2%2Fcomments&post=16"}],"version-history":[{"count":6,"href":"https:\/\/www.manulinga.de\/index.php?rest_route=\/wp\/v2\/pages\/16\/revisions"}],"predecessor-version":[{"id":80,"href":"https:\/\/www.manulinga.de\/index.php?rest_route=\/wp\/v2\/pages\/16\/revisions\/80"}],"wp:attachment":[{"href":"https:\/\/www.manulinga.de\/index.php?rest_route=%2Fwp%2Fv2%2Fmedia&parent=16"}],"curies":[{"name":"wp","href":"https:\/\/api.w.org\/{rel}","templated":true}]}}